{"id":47,"date":"2024-07-16T18:48:55","date_gmt":"2024-07-16T18:48:55","guid":{"rendered":"https:\/\/mavedanseren.dk\/?page_id=47"},"modified":"2024-07-17T21:49:13","modified_gmt":"2024-07-17T21:49:13","slug":"undervisning","status":"publish","type":"page","link":"https:\/\/mavedanseren.dk\/?page_id=47","title":{"rendered":"Undervisning"},"content":{"rendered":"\n<p>Mavedans er en blid motionsform, som \u00f8ger b\u00e5de kroppen styrke, smidighed og balance gennem arbejdet med isolationsbev\u00e6gelse og de dybereliggende muskler. Alle aldre og kropstyper er velkomne og dansen kr\u00e6ver ingen partner. Til geng\u00e6ld garanterer jeg for, at der opst\u00e5r en s\u00e6rlig samh\u00f8righed danserne imellem. Vi arbejder med isolationsbev\u00e6gelse.<\/p>\n\n\n\n<p>Jeg underviser et formiddagshold igennem FOF Favrskov. Du finder holdet her: https:\/\/www.fof.dk\/da\/randers-favrskov-mariagerfjord\/kurser\/motion-og-traening\/dans\/mavedans&nbsp;&nbsp;&nbsp;&nbsp;&nbsp;&nbsp;&nbsp;&nbsp;<\/p>\n\n\n\n<p>Er I en gruppe, som \u00f8nsker undervisning, s\u00e5 t\u00f8v ikke med at kontakte mig. S\u00e5 giver jeg gerne et tilbud p\u00e5 at komme til Jer, eller jeg kan finde lokaler, vi kan v\u00e6re i.<\/p>\n\n\n\n<figure class=\"wp-block-image size-large\"><img loading=\"lazy\" decoding=\"async\" width=\"683\" height=\"1024\" src=\"https:\/\/mavedanseren.dk\/wp-content\/uploads\/2024\/07\/Tanja-20-0897-683x1024.jpg\" alt=\"\" class=\"wp-image-30\" srcset=\"https:\/\/mavedanseren.dk\/wp-content\/uploads\/2024\/07\/Tanja-20-0897-683x1024.jpg 683w, https:\/\/mavedanseren.dk\/wp-content\/uploads\/2024\/07\/Tanja-20-0897-200x300.jpg 200w, https:\/\/mavedanseren.dk\/wp-content\/uploads\/2024\/07\/Tanja-20-0897-768x1152.jpg 768w, https:\/\/mavedanseren.dk\/wp-content\/uploads\/2024\/07\/Tanja-20-0897-1024x1536.jpg 1024w, https:\/\/mavedanseren.dk\/wp-content\/uploads\/2024\/07\/Tanja-20-0897-1365x2048.jpg 1365w, https:\/\/mavedanseren.dk\/wp-content\/uploads\/2024\/07\/Tanja-20-0897-scaled.jpg 1707w\" sizes=\"auto, (max-width: 683px) 100vw, 683px\" \/><\/figure>\n\n\n\n<p><\/p>\n","protected":false},"excerpt":{"rendered":"<p>Mavedans er en blid motionsform, som \u00f8ger b\u00e5de kroppen styrke, smidighed og balance gennem arbejdet med isolationsbev\u00e6gelse og de dybereliggende muskler. Alle aldre og kropstyper er velkomne og dansen kr\u00e6ver ingen partner. Til geng\u00e6ld garanterer jeg for, at der opst\u00e5r en s\u00e6rlig samh\u00f8righed danserne imellem. Vi arbejder med isolationsbev\u00e6gelse. Jeg underviser et formiddagshold igennem FOF&#8230;<\/p>\n","protected":false},"author":1,"featured_media":0,"parent":0,"menu_order":2,"comment_status":"closed","ping_status":"closed","template":"","meta":{"footnotes":""},"class_list":["post-47","page","type-page","status-publish","hentry"],"_links":{"self":[{"href":"https:\/\/mavedanseren.dk\/index.php?rest_route=\/wp\/v2\/pages\/47","targetHints":{"allow":["GET"]}}],"collection":[{"href":"https:\/\/mavedanseren.dk\/index.php?rest_route=\/wp\/v2\/pages"}],"about":[{"href":"https:\/\/mavedanseren.dk\/index.php?rest_route=\/wp\/v2\/types\/page"}],"author":[{"embeddable":true,"href":"https:\/\/mavedanseren.dk\/index.php?rest_route=\/wp\/v2\/users\/1"}],"replies":[{"embeddable":true,"href":"https:\/\/mavedanseren.dk\/index.php?rest_route=%2Fwp%2Fv2%2Fcomments&post=47"}],"version-history":[{"count":7,"href":"https:\/\/mavedanseren.dk\/index.php?rest_route=\/wp\/v2\/pages\/47\/revisions"}],"predecessor-version":[{"id":73,"href":"https:\/\/mavedanseren.dk\/index.php?rest_route=\/wp\/v2\/pages\/47\/revisions\/73"}],"wp:attachment":[{"href":"https:\/\/mavedanseren.dk\/index.php?rest_route=%2Fwp%2Fv2%2Fmedia&parent=47"}],"curies":[{"name":"wp","href":"https:\/\/api.w.org\/{rel}","templated":true}]}}